{"id":105,"date":"2017-02-20T14:00:08","date_gmt":"2017-02-20T14:00:08","guid":{"rendered":"https:\/\/linka.ch\/?page_id=105\/"},"modified":"2017-02-28T15:51:18","modified_gmt":"2017-02-28T15:51:18","slug":"zuhause","status":"publish","type":"page","link":"https:\/\/linka.ch\/de\/","title":{"rendered":"Zuhause"},"content":{"rendered":"<p>Leben ist nicht nur in den Bau oder Geb\u00e4ude, sondern mehr \u00fcber stille Gespr\u00e4ch zu sein, die in unserer t\u00e4glichen und regelm\u00e4\u00dfigen Berichten mit dem Ort gewebt wir leben.<\/p>\n<p>Mit anderen Worten, lebt der Mensch in einer Welt, dieses Modell zu sein Erscheinungsbild, seine Bed\u00fcrfnisse und mit wem er in st\u00e4ndiger Wechselwirkung.<\/p>\n<p>Wohnen Forderungen aus dem Mann, den er projiziert wird, markiert es die Stelle, besitzen, eine &#8222;Welt&#8220; von Bedeutungen zu bauen.<\/p>\n","protected":false},"excerpt":{"rendered":"<p>Leben ist nicht nur in den Bau oder Geb\u00e4ude, sondern mehr \u00fcber stille Gespr\u00e4ch zu sein, die in unserer t\u00e4glichen und regelm\u00e4\u00dfigen Berichten mit dem Ort gewebt wir leben. Mit anderen Worten, lebt der Mensch in einer Welt, dieses Modell zu sein Erscheinungsbild, seine Bed\u00fcrfnisse und mit wem er in st\u00e4ndiger Wechselwirkung. Wohnen Forderungen aus&hellip;<\/p>\n","protected":false},"author":1,"featured_media":0,"parent":0,"menu_order":0,"comment_status":"closed","ping_status":"open","template":"","meta":{"footnotes":""},"_links":{"self":[{"href":"https:\/\/linka.ch\/de\/wp-json\/wp\/v2\/pages\/105"}],"collection":[{"href":"https:\/\/linka.ch\/de\/wp-json\/wp\/v2\/pages"}],"about":[{"href":"https:\/\/linka.ch\/de\/wp-json\/wp\/v2\/types\/page"}],"author":[{"embeddable":true,"href":"https:\/\/linka.ch\/de\/wp-json\/wp\/v2\/users\/1"}],"replies":[{"embeddable":true,"href":"https:\/\/linka.ch\/de\/wp-json\/wp\/v2\/comments?post=105"}],"version-history":[{"count":5,"href":"https:\/\/linka.ch\/de\/wp-json\/wp\/v2\/pages\/105\/revisions"}],"predecessor-version":[{"id":209,"href":"https:\/\/linka.ch\/de\/wp-json\/wp\/v2\/pages\/105\/revisions\/209"}],"wp:attachment":[{"href":"https:\/\/linka.ch\/de\/wp-json\/wp\/v2\/media?parent=105"}],"curies":[{"name":"wp","href":"https:\/\/api.w.org\/{rel}","templated":true}]}}