{"id":193,"date":"2017-02-28T15:27:36","date_gmt":"2017-02-28T15:27:36","guid":{"rendered":"https:\/\/linka.ch\/?page_id=193\/"},"modified":"2017-02-28T16:17:47","modified_gmt":"2017-02-28T16:17:47","slug":"kontakt","status":"publish","type":"page","link":"https:\/\/linka.ch\/de\/kontakt\/","title":{"rendered":"Kontakt"},"content":{"rendered":"<div class=\"post-header\">\n<h2> Kontakt <\/h2>\n<p class=\"subtitle\">Wir stehen zu Ihrer Verf\u00fcgung f\u00fcr jede<\/p>\n<\/div>\n<p>Unsere B\u00fcros sind ge\u00f6ffnet von Montag bis Freitag von 9.00 bis 18.00 Uhr<\/p>\n<p>Aliquam auctor nisi turpis, iaculis tincidunt elit egestas a. Suspendisse et enim feugiat, faucibus libero sed, auctor neque. Pellentesque habitant morbi tristique senectus et netus et malesuada fames ac turpis egestas.<\/p>\n<p>[gravityform id=&#8220;2&#8243; title=&#8220;false&#8220; description=&#8220;false&#8220; ajax=&#8220;true&#8220;]<\/p>\n","protected":false},"excerpt":{"rendered":"<p>Kontakt Wir stehen zu Ihrer Verf\u00fcgung f\u00fcr jede Unsere B\u00fcros sind ge\u00f6ffnet von Montag bis Freitag von 9.00 bis 18.00 Uhr Aliquam auctor nisi turpis, iaculis tincidunt elit egestas a. Suspendisse et enim feugiat, faucibus libero sed, auctor neque. Pellentesque habitant morbi tristique senectus et netus et malesuada fames ac turpis egestas. [gravityform id=&#8220;2&#8243; title=&#8220;false&#8220;&hellip;<\/p>\n","protected":false},"author":1,"featured_media":0,"parent":0,"menu_order":6,"comment_status":"closed","ping_status":"closed","template":"","meta":{"footnotes":""},"_links":{"self":[{"href":"https:\/\/linka.ch\/de\/wp-json\/wp\/v2\/pages\/193"}],"collection":[{"href":"https:\/\/linka.ch\/de\/wp-json\/wp\/v2\/pages"}],"about":[{"href":"https:\/\/linka.ch\/de\/wp-json\/wp\/v2\/types\/page"}],"author":[{"embeddable":true,"href":"https:\/\/linka.ch\/de\/wp-json\/wp\/v2\/users\/1"}],"replies":[{"embeddable":true,"href":"https:\/\/linka.ch\/de\/wp-json\/wp\/v2\/comments?post=193"}],"version-history":[{"count":2,"href":"https:\/\/linka.ch\/de\/wp-json\/wp\/v2\/pages\/193\/revisions"}],"predecessor-version":[{"id":211,"href":"https:\/\/linka.ch\/de\/wp-json\/wp\/v2\/pages\/193\/revisions\/211"}],"wp:attachment":[{"href":"https:\/\/linka.ch\/de\/wp-json\/wp\/v2\/media?parent=193"}],"curies":[{"name":"wp","href":"https:\/\/api.w.org\/{rel}","templated":true}]}}